{"id":384,"date":"2024-03-17T17:15:30","date_gmt":"2024-03-17T17:15:30","guid":{"rendered":"https:\/\/mellia.oqueseraisso.com\/?page_id=384"},"modified":"2024-07-23T08:58:54","modified_gmt":"2024-07-23T08:58:54","slug":"mell-termos-condicoes","status":"publish","type":"page","link":"https:\/\/mellia.oqueseraisso.com\/index.php\/mell-termos-condicoes\/","title":{"rendered":"Mell | Termos &#038; Condi\u00e7\u00f5es"},"content":{"rendered":"\t\t<div data-elementor-type=\"wp-page\" data-elementor-id=\"384\" class=\"elementor elementor-384\">\n\t\t\t\t\t\t<section class=\"elementor-section elementor-top-section elementor-element elementor-element-6949ce56 elementor-section-boxed elementor-section-height-default elementor-section-height-default\" data-id=\"6949ce56\" data-element_type=\"section\" data-settings=\"{&quot;background_background&quot;:&quot;classic&quot;}\">\n\t\t\t\t\t\t\t<div class=\"elementor-background-overlay\"><\/div>\n\t\t\t\t\t\t\t<div class=\"elementor-container elementor-column-gap-no\">\n\t\t\t\t\t<div class=\"elementor-column elementor-col-100 elementor-top-column elementor-element elementor-element-59b4b829\" data-id=\"59b4b829\" data-element_type=\"column\">\n\t\t\t<div class=\"elementor-widget-wrap elementor-element-populated\">\n\t\t\t\t\t\t<section class=\"elementor-section elementor-inner-section elementor-element elementor-element-b33011c elementor-section-boxed elementor-section-height-default elementor-section-height-default\" data-id=\"b33011c\" data-element_type=\"section\">\n\t\t\t\t\t\t<div class=\"elementor-container elementor-column-gap-no\">\n\t\t\t\t\t<div class=\"elementor-column elementor-col-50 elementor-inner-column elementor-element elementor-element-6ce4e1a2\" data-id=\"6ce4e1a2\" data-element_type=\"column\">\n\t\t\t<div class=\"elementor-widget-wrap elementor-element-populated\">\n\t\t\t\t\t\t<div class=\"elementor-element elementor-element-3f795c84 elementor-widget__width-auto elementor-widget elementor-widget-heading\" data-id=\"3f795c84\" data-element_type=\"widget\" data-widget_type=\"heading.default\">\n\t\t\t\t<div class=\"elementor-widget-container\">\n\t\t\t<style>\/*! elementor - v3.20.0 - 13-03-2024 *\/\n.elementor-heading-title{padding:0;margin:0;line-height:1}.elementor-widget-heading .elementor-heading-title[class*=elementor-size-]>a{color:inherit;font-size:inherit;line-height:inherit}.elementor-widget-heading .elementor-heading-title.elementor-size-small{font-size:15px}.elementor-widget-heading .elementor-heading-title.elementor-size-medium{font-size:19px}.elementor-widget-heading .elementor-heading-title.elementor-size-large{font-size:29px}.elementor-widget-heading .elementor-heading-title.elementor-size-xl{font-size:39px}.elementor-widget-heading .elementor-heading-title.elementor-size-xxl{font-size:59px}<\/style><h2 class=\"elementor-heading-title elementor-size-default\">Contratos<\/h2>\t\t<\/div>\n\t\t\t\t<\/div>\n\t\t\t\t<div class=\"elementor-element elementor-element-688c7824 elementor-widget__width-initial elementor-widget elementor-widget-heading\" data-id=\"688c7824\" data-element_type=\"widget\" data-widget_type=\"heading.default\">\n\t\t\t\t<div class=\"elementor-widget-container\">\n\t\t\t<h2 class=\"elementor-heading-title elementor-size-default\">Termos & Condi\u00e7\u00f5es<\/h2>\t\t<\/div>\n\t\t\t\t<\/div>\n\t\t\t\t\t<\/div>\n\t\t<\/div>\n\t\t\t\t<div class=\"elementor-column elementor-col-50 elementor-inner-column elementor-element elementor-element-365e1e58\" data-id=\"365e1e58\" data-element_type=\"column\">\n\t\t\t<div class=\"elementor-widget-wrap elementor-element-populated\">\n\t\t\t\t\t\t<div class=\"elementor-element elementor-element-37184d19 elementor-widget elementor-widget-text-editor\" data-id=\"37184d19\" data-element_type=\"widget\" data-widget_type=\"text-editor.default\">\n\t\t\t\t<div class=\"elementor-widget-container\">\n\t\t\t<style>\/*! elementor - v3.20.0 - 13-03-2024 *\/\n.elementor-widget-text-editor.elementor-drop-cap-view-stacked .elementor-drop-cap{background-color:#69727d;color:#fff}.elementor-widget-text-editor.elementor-drop-cap-view-framed .elementor-drop-cap{color:#69727d;border:3px solid;background-color:transparent}.elementor-widget-text-editor:not(.elementor-drop-cap-view-default) .elementor-drop-cap{margin-top:8px}.elementor-widget-text-editor:not(.elementor-drop-cap-view-default) .elementor-drop-cap-letter{width:1em;height:1em}.elementor-widget-text-editor .elementor-drop-cap{float:left;text-align:center;line-height:1;font-size:50px}.elementor-widget-text-editor .elementor-drop-cap-letter{display:inline-block}<\/style>\t\t\t\t<p>Fa\u00e7a o download de todos os contratos de presta\u00e7\u00e3o de servi\u00e7os da <strong>Mell Internet<\/strong>.<\/p>\t\t\t\t\t\t<\/div>\n\t\t\t\t<\/div>\n\t\t\t\t\t<\/div>\n\t\t<\/div>\n\t\t\t\t\t<\/div>\n\t\t<\/section>\n\t\t\t\t<section class=\"elementor-section elementor-inner-section elementor-element elementor-element-48779b35 elementor-section-boxed elementor-section-height-default elementor-section-height-default\" data-id=\"48779b35\" data-element_type=\"section\">\n\t\t\t\t\t\t<div class=\"elementor-container elementor-column-gap-no\">\n\t\t\t\t\t<div class=\"elementor-column elementor-col-25 elementor-inner-column elementor-element elementor-element-60b94db6\" data-id=\"60b94db6\" data-element_type=\"column\">\n\t\t\t<div class=\"elementor-widget-wrap elementor-element-populated\">\n\t\t\t\t\t\t<div class=\"elementor-element elementor-element-7d587933 elementor-widget elementor-widget-jkit_team\" data-id=\"7d587933\" data-element_type=\"widget\" data-widget_type=\"jkit_team.default\">\n\t\t\t\t<div class=\"elementor-widget-container\">\n\t\t\t<div  class=\"jeg-elementor-kit jkit-team style-default  jeg_module___69db752c907f1\" ><div class=\"profile-box\">\n                <div class=\"profile-card \">\n                    <div class=\"profile-header jkit-team-img \"><\/div>\n                    <div class=\"profile-body\">\n                <h3 class=\"profile-title\">Contrato STFC<\/h3>\n                <p class=\"profile-designation\">DOWNLOAD<\/p>\n                \n            <\/div>\n            <div class=\"profile-footer\">\n                <ul class=\"social-list\"><li class=\"social-icon elementor-repeater-item-45738ef\"><a href=\"https:\/\/mellia.oqueseraisso.com\/contratos\/1CONTRATO-STFC.pdf\"  target=\"_blank\"  aria-label=\"social-icon\"><i aria-hidden=\"true\" class=\"jki jki-download-solid\"><\/i><\/a><\/li><\/ul>\n            <\/div>\n                    \n                <\/div>\n            <\/div><\/div>\t\t<\/div>\n\t\t\t\t<\/div>\n\t\t\t\t\t<\/div>\n\t\t<\/div>\n\t\t\t\t<div class=\"elementor-column elementor-col-25 elementor-inner-column elementor-element elementor-element-b206f57\" data-id=\"b206f57\" data-element_type=\"column\">\n\t\t\t<div class=\"elementor-widget-wrap elementor-element-populated\">\n\t\t\t\t\t\t<div class=\"elementor-element elementor-element-758d753 elementor-widget elementor-widget-jkit_team\" data-id=\"758d753\" data-element_type=\"widget\" data-widget_type=\"jkit_team.default\">\n\t\t\t\t<div class=\"elementor-widget-container\">\n\t\t\t<div  class=\"jeg-elementor-kit jkit-team style-default  jeg_module__1_69db752c9117e\" ><div class=\"profile-box\">\n                <div class=\"profile-card \">\n                    <div class=\"profile-header jkit-team-img \"><\/div>\n                    <div class=\"profile-body\">\n                <h3 class=\"profile-title\">Contrato PABX<\/h3>\n                <p class=\"profile-designation\">DOWNLOAD<\/p>\n                \n            <\/div>\n            <div class=\"profile-footer\">\n                <ul class=\"social-list\"><li class=\"social-icon elementor-repeater-item-45738ef\"><a href=\"https:\/\/mellia.oqueseraisso.com\/contratos\/2CONTRATO-PABX.pdf\"  target=\"_blank\"  aria-label=\"social-icon\"><i aria-hidden=\"true\" class=\"jki jki-download-solid\"><\/i><\/a><\/li><\/ul>\n            <\/div>\n                    \n                <\/div>\n            <\/div><\/div>\t\t<\/div>\n\t\t\t\t<\/div>\n\t\t\t\t\t<\/div>\n\t\t<\/div>\n\t\t\t\t<div class=\"elementor-column elementor-col-25 elementor-inner-column elementor-element elementor-element-9962ac4\" data-id=\"9962ac4\" data-element_type=\"column\">\n\t\t\t<div class=\"elementor-widget-wrap elementor-element-populated\">\n\t\t\t\t\t\t<div class=\"elementor-element elementor-element-dd796b1 elementor-widget elementor-widget-jkit_team\" data-id=\"dd796b1\" data-element_type=\"widget\" data-widget_type=\"jkit_team.default\">\n\t\t\t\t<div class=\"elementor-widget-container\">\n\t\t\t<div  class=\"jeg-elementor-kit jkit-team style-default  jeg_module__2_69db752c91918\" ><div class=\"profile-box\">\n                <div class=\"profile-card \">\n                    <div class=\"profile-header jkit-team-img \"><\/div>\n                    <div class=\"profile-body\">\n                <h3 class=\"profile-title\">Comunicado e Regulamento H.H<\/h3>\n                <p class=\"profile-designation\">DOWNLOAD<\/p>\n                \n            <\/div>\n            <div class=\"profile-footer\">\n                <ul class=\"social-list\"><li class=\"social-icon elementor-repeater-item-45738ef\"><a href=\"https:\/\/mellia.oqueseraisso.com\/contratos\/3COMUNICADO-E-REGULAMENTO-HH.pdf\"  target=\"_blank\"  aria-label=\"social-icon\"><i aria-hidden=\"true\" class=\"jki jki-download-solid\"><\/i><\/a><\/li><\/ul>\n            <\/div>\n                    \n                <\/div>\n            <\/div><\/div>\t\t<\/div>\n\t\t\t\t<\/div>\n\t\t\t\t\t<\/div>\n\t\t<\/div>\n\t\t\t\t<div class=\"elementor-column elementor-col-25 elementor-inner-column elementor-element elementor-element-41d5a72\" data-id=\"41d5a72\" data-element_type=\"column\">\n\t\t\t<div class=\"elementor-widget-wrap elementor-element-populated\">\n\t\t\t\t\t\t<div class=\"elementor-element elementor-element-5070de3 elementor-widget elementor-widget-jkit_team\" data-id=\"5070de3\" data-element_type=\"widget\" data-widget_type=\"jkit_team.default\">\n\t\t\t\t<div class=\"elementor-widget-container\">\n\t\t\t<div  class=\"jeg-elementor-kit jkit-team style-default  jeg_module__3_69db752c9208d\" ><div class=\"profile-box\">\n                <div class=\"profile-card \">\n                    <div class=\"profile-header jkit-team-img \"><\/div>\n                    <div class=\"profile-body\">\n                <h3 class=\"profile-title\">Nota e Comunicado de Altera\u00e7\u00e3o dos Combos MICROTELL H.H<\/h3>\n                <p class=\"profile-designation\">DOWNLOAD<\/p>\n                \n            <\/div>\n            <div class=\"profile-footer\">\n                <ul class=\"social-list\"><li class=\"social-icon elementor-repeater-item-45738ef\"><a href=\"https:\/\/mellia.oqueseraisso.com\/contratos\/4NOTA-E-COMUNICADO-H-H.pdf\"  target=\"_blank\"  aria-label=\"social-icon\"><i aria-hidden=\"true\" class=\"jki jki-download-solid\"><\/i><\/a><\/li><\/ul>\n            <\/div>\n                    \n                <\/div>\n            <\/div><\/div>\t\t<\/div>\n\t\t\t\t<\/div>\n\t\t\t\t\t<\/div>\n\t\t<\/div>\n\t\t\t\t\t<\/div>\n\t\t<\/section>\n\t\t\t\t<section class=\"elementor-section elementor-inner-section elementor-element elementor-element-5203c67 elementor-section-boxed elementor-section-height-default elementor-section-height-default\" data-id=\"5203c67\" data-element_type=\"section\">\n\t\t\t\t\t\t<div class=\"elementor-container elementor-column-gap-no\">\n\t\t\t\t\t<div class=\"elementor-column elementor-col-25 elementor-inner-column elementor-element elementor-element-f670073\" data-id=\"f670073\" data-element_type=\"column\">\n\t\t\t<div class=\"elementor-widget-wrap elementor-element-populated\">\n\t\t\t\t\t\t<div class=\"elementor-element elementor-element-6ccf599 elementor-widget elementor-widget-jkit_team\" data-id=\"6ccf599\" data-element_type=\"widget\" data-widget_type=\"jkit_team.default\">\n\t\t\t\t<div class=\"elementor-widget-container\">\n\t\t\t<div  class=\"jeg-elementor-kit jkit-team style-default  jeg_module__4_69db752c92c2b\" ><div class=\"profile-box\">\n                <div class=\"profile-card \">\n                    <div class=\"profile-header jkit-team-img \"><\/div>\n                    <div class=\"profile-body\">\n                <h3 class=\"profile-title\">Contrato Microtell SVA<\/h3>\n                <p class=\"profile-designation\">DOWNLOAD<\/p>\n                \n            <\/div>\n            <div class=\"profile-footer\">\n                <ul class=\"social-list\"><li class=\"social-icon elementor-repeater-item-45738ef\"><a href=\"https:\/\/mellia.oqueseraisso.com\/contratos\/5CONTRATO-MICROTELL-SVA.pdf\"  target=\"_blank\"  aria-label=\"social-icon\"><i aria-hidden=\"true\" class=\"jki jki-download-solid\"><\/i><\/a><\/li><\/ul>\n            <\/div>\n                    \n                <\/div>\n            <\/div><\/div>\t\t<\/div>\n\t\t\t\t<\/div>\n\t\t\t\t\t<\/div>\n\t\t<\/div>\n\t\t\t\t<div class=\"elementor-column elementor-col-25 elementor-inner-column elementor-element elementor-element-383e5b4\" data-id=\"383e5b4\" data-element_type=\"column\">\n\t\t\t<div class=\"elementor-widget-wrap elementor-element-populated\">\n\t\t\t\t\t\t<div class=\"elementor-element elementor-element-d092090 elementor-widget elementor-widget-jkit_team\" data-id=\"d092090\" data-element_type=\"widget\" data-widget_type=\"jkit_team.default\">\n\t\t\t\t<div class=\"elementor-widget-container\">\n\t\t\t<div  class=\"jeg-elementor-kit jkit-team style-default  jeg_module__5_69db752c93422\" ><div class=\"profile-box\">\n                <div class=\"profile-card \">\n                    <div class=\"profile-header jkit-team-img \"><\/div>\n                    <div class=\"profile-body\">\n                <h3 class=\"profile-title\">Comunicado e Regulamento SCM<\/h3>\n                <p class=\"profile-designation\">DOWNLOAD<\/p>\n                \n            <\/div>\n            <div class=\"profile-footer\">\n                <ul class=\"social-list\"><li class=\"social-icon elementor-repeater-item-45738ef\"><a href=\"https:\/\/mellia.oqueseraisso.com\/contratos\/6COMUNICADO-E-REGULAMENTO-SCM.pdf\"  target=\"_blank\"  aria-label=\"social-icon\"><i aria-hidden=\"true\" class=\"jki jki-download-solid\"><\/i><\/a><\/li><\/ul>\n            <\/div>\n                    \n                <\/div>\n            <\/div><\/div>\t\t<\/div>\n\t\t\t\t<\/div>\n\t\t\t\t\t<\/div>\n\t\t<\/div>\n\t\t\t\t<div class=\"elementor-column elementor-col-25 elementor-inner-column elementor-element elementor-element-156f85f\" data-id=\"156f85f\" data-element_type=\"column\">\n\t\t\t<div class=\"elementor-widget-wrap elementor-element-populated\">\n\t\t\t\t\t\t<div class=\"elementor-element elementor-element-bca61ef elementor-widget elementor-widget-jkit_team\" data-id=\"bca61ef\" data-element_type=\"widget\" data-widget_type=\"jkit_team.default\">\n\t\t\t\t<div class=\"elementor-widget-container\">\n\t\t\t<div  class=\"jeg-elementor-kit jkit-team style-default  jeg_module__6_69db752c93df4\" ><div class=\"profile-box\">\n                <div class=\"profile-card \">\n                    <div class=\"profile-header jkit-team-img \"><\/div>\n                    <div class=\"profile-body\">\n                <h3 class=\"profile-title\">Nota e Comunicado de Altera\u00e7\u00e3o dos Combos MICROTELL SCM<\/h3>\n                <p class=\"profile-designation\">DOWNLOAD<\/p>\n                \n            <\/div>\n            <div class=\"profile-footer\">\n                <ul class=\"social-list\"><li class=\"social-icon elementor-repeater-item-45738ef\"><a href=\"https:\/\/mellia.oqueseraisso.com\/contratos\/7NOTA-E-COMUNICADO-SCM.pdf\"  target=\"_blank\"  aria-label=\"social-icon\"><i aria-hidden=\"true\" class=\"jki jki-download-solid\"><\/i><\/a><\/li><\/ul>\n            <\/div>\n                    \n                <\/div>\n            <\/div><\/div>\t\t<\/div>\n\t\t\t\t<\/div>\n\t\t\t\t\t<\/div>\n\t\t<\/div>\n\t\t\t\t<div class=\"elementor-column elementor-col-25 elementor-inner-column elementor-element elementor-element-6f52ef8\" data-id=\"6f52ef8\" data-element_type=\"column\">\n\t\t\t<div class=\"elementor-widget-wrap elementor-element-populated\">\n\t\t\t\t\t\t<div class=\"elementor-element elementor-element-fdc8b25 elementor-widget elementor-widget-jkit_team\" data-id=\"fdc8b25\" data-element_type=\"widget\" data-widget_type=\"jkit_team.default\">\n\t\t\t\t<div class=\"elementor-widget-container\">\n\t\t\t<div  class=\"jeg-elementor-kit jkit-team style-default  jeg_module__7_69db752c94596\" ><div class=\"profile-box\">\n                <div class=\"profile-card \">\n                    <div class=\"profile-header jkit-team-img \"><\/div>\n                    <div class=\"profile-body\">\n                <h3 class=\"profile-title\">Contrato Microtell SCM<\/h3>\n                <p class=\"profile-designation\">DOWNLOAD<\/p>\n                \n            <\/div>\n            <div class=\"profile-footer\">\n                <ul class=\"social-list\"><li class=\"social-icon elementor-repeater-item-45738ef\"><a href=\"https:\/\/mellia.oqueseraisso.com\/contratos\/8CONTRATO-MICROTELL-SCM.pdf\"  target=\"_blank\"  aria-label=\"social-icon\"><i aria-hidden=\"true\" class=\"jki jki-download-solid\"><\/i><\/a><\/li><\/ul>\n            <\/div>\n                    \n                <\/div>\n            <\/div><\/div>\t\t<\/div>\n\t\t\t\t<\/div>\n\t\t\t\t\t<\/div>\n\t\t<\/div>\n\t\t\t\t\t<\/div>\n\t\t<\/section>\n\t\t\t\t\t<\/div>\n\t\t<\/div>\n\t\t\t\t\t<\/div>\n\t\t<\/section>\n\t\t\t\t<\/div>\n\t\t","protected":false},"excerpt":{"rendered":"<p>Contratos Termos &#038; Condi\u00e7\u00f5es Fa\u00e7a o download de todos os contratos de presta\u00e7\u00e3o de servi\u00e7os da Mell Internet. Contrato STFC DOWNLOAD Contrato PABX DOWNLOAD Comunicado e Regulamento H.H DOWNLOAD Nota e Comunicado de Altera\u00e7\u00e3o dos Combos MICROTELL H.H DOWNLOAD Contrato Microtell SVA DOWNLOAD Comunicado e Regulamento SCM DOWNLOAD Nota e Comunicado de Altera\u00e7\u00e3o dos Combos [&hellip;]<\/p>\n","protected":false},"author":1,"featured_media":0,"parent":0,"menu_order":0,"comment_status":"closed","ping_status":"closed","template":"elementor_header_footer","meta":{"footnotes":""},"_links":{"self":[{"href":"https:\/\/mellia.oqueseraisso.com\/index.php\/wp-json\/wp\/v2\/pages\/384"}],"collection":[{"href":"https:\/\/mellia.oqueseraisso.com\/index.php\/wp-json\/wp\/v2\/pages"}],"about":[{"href":"https:\/\/mellia.oqueseraisso.com\/index.php\/wp-json\/wp\/v2\/types\/page"}],"author":[{"embeddable":true,"href":"https:\/\/mellia.oqueseraisso.com\/index.php\/wp-json\/wp\/v2\/users\/1"}],"replies":[{"embeddable":true,"href":"https:\/\/mellia.oqueseraisso.com\/index.php\/wp-json\/wp\/v2\/comments?post=384"}],"version-history":[{"count":68,"href":"https:\/\/mellia.oqueseraisso.com\/index.php\/wp-json\/wp\/v2\/pages\/384\/revisions"}],"predecessor-version":[{"id":1267,"href":"https:\/\/mellia.oqueseraisso.com\/index.php\/wp-json\/wp\/v2\/pages\/384\/revisions\/1267"}],"wp:attachment":[{"href":"https:\/\/mellia.oqueseraisso.com\/index.php\/wp-json\/wp\/v2\/media?parent=384"}],"curies":[{"name":"wp","href":"https:\/\/api.w.org\/{rel}","templated":true}]}}